{"id":1694,"date":"2024-04-13T03:16:46","date_gmt":"2024-04-13T03:16:46","guid":{"rendered":"https:\/\/jupiterlogistics.group\/vn\/freight\/"},"modified":"2025-02-12T06:42:23","modified_gmt":"2025-02-12T06:42:23","slug":"freight","status":"publish","type":"page","link":"https:\/\/jupiterlogistics.group\/vn\/vi\/freight\/","title":{"rendered":"Freight"},"content":{"rendered":"<div class=\"\">\n    <div class=\"relative min-h-52 md:min-h-60 lg:min-h-[322px] flex justify-center items-center \">\n                <img decoding=\"async\" class=\"absolute w-full h-full inset-0 object-cover\" src=\"https:\/\/jupiterlogistics.group\/vn\/wp-content\/uploads\/sites\/14\/2024\/04\/Rectangle-34624528.png\"\n            alt=\"\" \/>\n        \n        <div class=\"container z-10  text-white\">\n            <div class='container-md '>\n                <h1 class=\"heading1 font-bold leading-[1.2] uppercase\"> V\u1eadn t\u1ea3i h\u00e0ng h\u00f3a <\/h1>\n            <\/div>\n        <\/div>\n        <div class=\"absolute inset-0 w-full h-full  bg-banner-gradient \"><\/div>\n    <\/div>\n    <div>\n        <div class=\"h-[28px] w-full bg-primaryblue\"><\/div>\n        <div class=\"h-[6px] w-full bg-green\"><\/div>\n    <\/div>\n<\/div>\n\n\n<div id=\"breadcrumbs\">\n    <div class=\"container\">\n        <div class=\"container-md mt-1 py-5 3xl:py-6 font-medium\">\n            <div class=\"breadcrumb-items\">\n                <a class=\"page-link\" href=\"https:\/\/jupiterlogistics.group\/vn\/vi\/\">Home<\/a>            <\/div>\n        <\/div>\n    <\/div>\n<\/div>\n\n\n<div class=\"container business-about mb-4 md:mb-[32px] 2xl:mb-[42px] 6xl:mb-[60px]\">\n    <div class=\"pb-2 mt-5 lg:mt-[30px] container-sm  flex flex-col justify-center items-center\">\n        <div class=\"max-w-[1082px] text-center mx-auto\">\n            <h2 class=\"heading2 font-medium text-darkgrey\"><\/h2>\n                        <h3 class=\"mt-2 text-primaryblue heading3 font-medium\">V\u1eadn t\u1ea3i v\u1edbi Jupiter<\/h3>\n                        <div class='mt-3 md:mt-[20px] text-primary heading6 leading-[1.4] max-w-[914px] mx-auto content'>\n                <p>T\u1ea1i t\u1eadp \u0111o\u00e0n Jupiter, d\u1ecbch v\u1ee5 v\u1eadn t\u1ea3i c\u1ee7a ch\u00fang t\u00f4i chuy\u00ean v\u1ec1 v\u1eadn chuy\u1ec3n hi\u1ec7u qu\u1ea3 v\u00e0 \u0111\u00e1ng tin c\u1eady qua c\u00e1c tuy\u1ebfn \u0111\u01b0\u1eddng h\u00e0ng kh\u00f4ng, \u0111\u01b0\u1eddng bi\u1ec3n v\u00e0 \u0111\u01b0\u1eddng b\u1ed9. B\u1eb1ng c\u00e1ch t\u1eadn d\u1ee5ng m\u1ea1ng l\u01b0\u1edbi r\u1ed9ng l\u1edbn v\u00e0 c\u00e1c quan h\u1ec7 \u0111\u1ed1i t\u00e1c chi\u1ebfn l\u01b0\u1ee3c, ch\u00fang t\u00f4i \u0111\u1ea3m b\u1ea3o giao h\u00e0ng nhanh ch\u00f3ng v\u00e0 an to\u00e0n \u0111\u1ebfn c\u00e1c \u0111i\u1ec3m \u0111\u1ebfn \u0111a d\u1ea1ng tr\u00ean to\u00e0n th\u1ebf gi\u1edbi.<\/p>\n            <\/div>\n        <\/div>\n\n    <\/div>\n<\/div>\n\n\n<div class=\" z-50 bg-white\">\n    <div class=\"container\">\n        <div class=\"container-md\">\n            <div\n                class=\"py-3 lg:py-6 mb-4 md:mb-[32px] 2xl:mb-[42px] 6xl:mb-[60px] flex flex-col md:flex-row md:flex-wrap items-center \">\n                                                <div class=\"flex items-center \">\n                    <a href=\"#air-freight\"\n                        class='link py-2 md:py-[10px] heading4 font-medium text-primaryblue border-b-[5px] border-transparent active'>\n                        V\u1eadn t\u1ea3i h\u00e0ng kh\u00f4ng<\/a>\n                    <div\n                        class=\"hidden md:block h-[27px] bg-[#BDBDBD] w-[1px] mx-4 md:mx-6 lg:mx-[28px] \">\n                    <\/div>\n                <\/div>\n                                <div class=\"flex items-center \">\n                    <a href=\"#ocean-freight\"\n                        class='link py-2 md:py-[10px] heading4 font-medium text-primaryblue border-b-[5px] border-transparent '>\n                        V\u1eadn t\u1ea3i \u0111\u01b0\u1eddng bi\u1ec3n<\/a>\n                    <div\n                        class=\"hidden md:block h-[27px] bg-[#BDBDBD] w-[1px] mx-4 md:mx-6 lg:mx-[28px] \">\n                    <\/div>\n                <\/div>\n                                <div class=\"flex items-center \">\n                    <a href=\"#why-jupiter\"\n                        class='link py-2 md:py-[10px] heading4 font-medium text-primaryblue border-b-[5px] border-transparent '>\n                        T\u1ea1i sao ch\u1ecdn Jupiter<\/a>\n                    <div\n                        class=\"hidden md:block h-[27px] bg-[#BDBDBD] w-[1px] mx-4 md:mx-6 lg:mx-[28px] md:hidden\">\n                    <\/div>\n                <\/div>\n                                            <\/div>\n        <\/div>\n    <\/div>\n<\/div>\n\n\n<script>\ndocument.addEventListener(\"DOMContentLoaded\", function() {\n    \/\/ Handles click events on links\n    const links = document.querySelectorAll('.link');\n    links.forEach(link => {\n        link.addEventListener('click', function() {\n            links.forEach(l => l.classList.remove('active'));\n            this.classList.add('active');\n        });\n    });\n\n    \/\/ Prepare sections data\n    const sections = Array.from(document.querySelectorAll(\".section\")).reduce((acc, e) => {\n        acc[e.id] = e.offsetTop;\n        return acc;\n    }, {});\n\n    \/\/ Handle scrolling\n    window.onscroll = () => {\n        const scrollPosition = document.documentElement.scrollTop || document.body.scrollTop;\n\n        for (let id in sections) {\n            if (sections[id] <= scrollPosition) {\n                \/\/ Remove 'active' class from any element that currently has it\n                const currentlyActive = document.querySelector('.active');\n                if (currentlyActive) {\n                    currentlyActive.classList.remove('active');\n                }\n\n\n                \/\/ Find the corresponding anchor and add 'active' class\n                const newActive = document.querySelector(`a[href*=\"${id}\"]`);\n                if (newActive) {\n                    newActive.classList.add('active');\n                }\n\n            }\n        }\n    };\n});\n<\/script>\n\n\n<div id=\"air-freight\" class=\"relative bg-grey section business-info-card\">\n    <div\n        class=\"relative lg:absolute right-0 top-0 h-full w-full lg:w-[45%] overflow-hidden max-h-[300px] md:max-h-[380px] lg:max-h-max max-lg:aspect-[3\/2]\">\n                <img decoding=\"async\" src=\"https:\/\/jupiterlogistics.group\/vn\/wp-content\/uploads\/sites\/14\/2024\/04\/jupiter-air-freight.jpeg\" alt=\"\"\n            class=\"w-full h-full object-cover py-[1px] pl-[1px]\" \/>\n                <img decoding=\"async\" class=\"absolute h-[calc(100%+2px)] -left-px -top-px\"\n            src=\"https:\/\/jupiterlogistics.group\/vn\/wp-content\/themes\/jupiter-group\/public\/images\/arrowshaperight.svg\" alt=\"arrow shape\">\n\n    <\/div>\n\n    <div class=\"container\">\n        <div class=\"container-md\">\n            <div class=\"w-full lg:w-[55%] flex flex-col py-8 md:py-[50px] lg:py-[60px] xl:py-[100px] justify-center\">\n                <h4 class=\"text-center md:text-left heading2 text-darkgrey font-medium\">V\u1eadn t\u1ea3i h\u00e0ng kh\u00f4ng                <\/h4>\n                <h5 class=\"heading3 mt-4 lg:mt-6 xl:mt-[40px] font-medium text-primaryblue\">\n                                    <\/h5>\n                <div class=\"heading6 max-w-[650px] mt-4 lg:mt-[20px] leading-6 xl:leading-7 description\">\n                    <div class=\"ewa-rteLine\">V\u1edbi m\u1ea1ng l\u01b0\u1edbi ph\u1ee7 s\u00f3ng t\u1ea1i c\u00e1c th\u00e0nh ph\u1ed1 v\u00e0 qu\u1ed1c gia l\u1edbn tr\u00ean to\u00e0n th\u1ebf gi\u1edbi, ch\u00fang t\u00f4i \u0111\u00e3 x\u1eed l\u00fd t\u1ea5t c\u1ea3 c\u00e1c lo\u1ea1i l\u00f4 h\u00e0ng xu\u1ea5t nh\u1eadp kh\u1ea9u b\u1eb1ng \u0111\u01b0\u1eddng h\u00e0ng kh\u00f4ng, bao g\u1ed3m c\u1ea3 nh\u1eefng l\u00f4 h\u00e0ng c\u1ea7n s\u1ef1 ch\u0103m s\u00f3c v\u00e0 ch\u00fa \u00fd \u0111\u1eb7c bi\u1ec7t. D\u1ecbch v\u1ee5 c\u1ee7a ch\u00fang t\u00f4i bao g\u1ed3m nh\u1eadn h\u00e0ng\/th\u00f4ng quan t\u00e0i li\u1ec7u\/x\u00e2y d\u1ef1ng ULD t\u1ea1i kho\/giao nh\u1eadn.<\/div>\n<div class=\"ewa-rteLine\"><\/div>\n<div class=\"ewa-rteLine\">K\u1ec3 t\u1eeb khi th\u00e0nh l\u1eadp c\u00f4ng ty, ch\u00fang t\u00f4i c\u00f3 \u0111\u1ed9i ng\u0169 chuy\u00ean nghi\u1ec7p v\u00e0 gi\u00e0u kinh nghi\u1ec7m chuy\u00ean x\u1eed l\u00fd:<\/div>\n<div class=\"ewa-rteLine\"><\/div>\n<div class=\"ewa-rteLine\">Th\u1ef1c ph\u1ea9m v\u00e0 h\u00e0ng d\u1ec5 h\u1ecfng (bao g\u1ed3m c\u1ea3 vi\u1ec7c \u00e1p d\u1ee5ng ki\u1ec3m d\u1ecbch th\u1ef1c v\u1eadt\/\u0111\u1ed9ng v\u1eadt, ki\u1ec3m so\u00e1t nhi\u1ec7t \u0111\u1ed9)<\/div>\n<div class=\"ewa-rteLine\">H\u00e0ng nguy hi\u1ec3m<\/div>\n<div class=\"ewa-rteLine\">H\u00e0ng n\u1eb7ng\/qu\u00e1 kh\u1ed5<\/div>\n<div class=\"ewa-rteLine\">L\u00f4 h\u00e0ng qu\u00e1 c\u1ea3nh (\u0111\u01b0\u1eddng b\u1ed9 v\u00e0 \u0111\u01b0\u1eddng h\u00e0ng kh\u00f4ng \/ h\u00e0ng kh\u00f4ng \u0111\u1ebfn h\u00e0ng kh\u00f4ng)<\/div>\n<div class=\"ewa-rteLine\"><\/div>\n<div class=\"ewa-rteLine\">V\u1edbi v\u0103n ph\u00f2ng s\u00e2n bay c\u1ee7a ch\u00fang t\u00f4i n\u1eb1m g\u1ea7n khu v\u1ef1c s\u00e2n bay, ch\u00fang t\u00f4i c\u00f3 th\u1ec3 ch\u0103m s\u00f3c l\u00f4 h\u00e0ng c\u1ee7a b\u1ea1n 24\/7. Ngo\u00e0i ra, th\u00f4ng qua quan h\u1ec7 \u0111\u1ed1i t\u00e1c m\u1ea1nh m\u1ebd v\u1edbi c\u00e1c h\u00e3ng h\u00e0ng kh\u00f4ng l\u1edbn, ch\u00fang t\u00f4i \u0111\u1ea3m b\u1ea3o r\u1eb1ng l\u00f4 h\u00e0ng c\u1ee7a b\u1ea1n kh\u1edfi h\u00e0nh \u0111\u00fang gi\u1edd theo y\u00eau c\u1ea7u c\u1ee7a b\u1ea1n.<\/div>\n<\/div>\n            <\/div>\n        <\/div>\n    <\/div>\n<\/div>\n<div id=\"ocean-freight\" class=\"relative section business-info-card\">\n    <div\n        class=\"relative lg:absolute left-0 top-0 h-full w-full lg:w-[45%] overflow-hidden max-h-[300px] md:max-h-[380px] lg:max-h-max aspect-[3\/2]\">\n                <img decoding=\"async\" src=\"https:\/\/jupiterlogistics.group\/vn\/wp-content\/uploads\/sites\/14\/2024\/04\/jupiter-ocean-freight.jpeg\" alt=\"\"\n            class=\"w-full h-full object-cover py-[1px] pr-[1px]\" \/>\n                <img decoding=\"async\" class=\"absolute h-[calc(100%+2px)] -right-px -top-px\"\n            src=\"https:\/\/jupiterlogistics.group\/vn\/wp-content\/themes\/jupiter-group\/public\/images\/arrowshapeleft.svg\" alt=\"arrow shape\">\n\n    <\/div>\n\n    <div class=\"container w-full\">\n        <div class=\"container-md flex\">\n            <div class=\"hidden lg:block w-full lg:w-1\/2\"><\/div>\n            <div class=\"w-full lg:w-1\/2 flex flex-col py-8 md:py-[50px] lg:py-[60px] xl:py-[140px] justify-center\">\n                <h4 class=\"text-center md:text-left heading2 text-darkgrey font-medium\">V\u1eadn t\u1ea3i \u0111\u01b0\u1eddng bi\u1ec3n                <\/h4>\n                <h5 class=\"heading3 mt-4 lg:mt-6 xl:mt-[40px] font-medium text-primaryblue\">\n                                    <\/h5>\n                <div class=\"heading6 max-w-[650px] mt-4 lg:mt-[20px] leading-6 xl:leading-7 description\">\n                    <p>\u0110\u1ed9i ng\u0169 Ocean c\u1ee7a ch\u00fang t\u00f4i s\u1ebd cung c\u1ea5p c\u1ea3 xu\u1ea5t kh\u1ea9u v\u00e0 nh\u1eadp kh\u1ea9u \u0111\u01b0\u1eddng bi\u1ec3n cho LCL (h\u00e0ng h\u00f3a kh\u00f4ng \u0111\u1ee7 container) v\u00e0 FCL (h\u00e0ng h\u00f3a \u0111\u1ee7 container), th\u00f4ng quan, t\u00e0i li\u1ec7u v\u00e0 v\u1eadn chuy\u1ec3n m\u1eb7t \u0111\u1ea5t (nh\u1eadn v\u00e0 giao h\u00e0ng) v\u1edbi s\u1ef1 x\u1eed l\u00fd chuy\u00ean nghi\u1ec7p.<\/p>\n<p>Ngo\u00e0i ra, ch\u00fang t\u00f4i c\u00f2n ch\u0103m s\u00f3c xu\u1ea5t kh\u1ea9u v\u00e0 nh\u1eadp kh\u1ea9u c\u00e1c s\u1ea3n ph\u1ea9m d\u1ec5 h\u1ecfng c\u1ea7n b\u1ea3o qu\u1ea3n nhi\u1ec7t \u0111\u1ed9 \u0111\u1eb7c bi\u1ec7t c\u0169ng nh\u01b0 xu\u1ea5t kh\u1ea9u container treo qu\u1ea7n \u00e1o.<\/p>\n<\/div>\n            <\/div>\n        <\/div>\n    <\/div>\n<\/div>\n\n\n\n<div class=\"container\" id=\"why-jupiter\">\n  <div class=\"my-10 md:my-[60px] lg:my-20 2xl:my-[100px] container-md  flex flex-col justify-center items-center heading3 \">\n    <div class=\" flex flex-col lg:flex-row\">\n      <div class=\"flex-1 lg:mr-5 xl:mr-10 5xl:mr-20\">\n        <h3 class=\" heading1 text-darkgrey\">T\u1ea1i sao ch\u1ecdn Jupiter?<\/h3>\n\n        <div class=\"mt-[27px]\">\n                                    <div class=\"flex mt-[20px] items-center\">\n                <div class=\"size-6 md:size-8 xl:size-11 shrink-0 mr-2 lg:mr-2.5 xl:mr-5\">\n                  <img src='https:\/\/jupiterlogistics.group\/vn\/wp-content\/uploads\/sites\/14\/2024\/04\/037-boat-1.png' alt=''\n                    class=\"size-full\">\n                <\/div>\n                <h3 class=\" text-darkgrey heading3 items-center font-medium\">M\u1ea1ng l\u01b0\u1edbi r\u1ed9ng kh\u1eafp                <\/h3>\n              <\/div>\n              <p class=\" text-primary heading6 mt-3 md:mt-[23px] leading-6 xl:leading-7\">\n                V\u1edbi m\u1ea1ng l\u01b0\u1edbi \u0111\u1ed1i t\u00e1c v\u00e0 \u0111\u1ea1i l\u00fd to\u00e0n c\u1ea7u, ch\u00fang t\u00f4i c\u00f3 kh\u1ea3 n\u0103ng v\u00e0 ngu\u1ed3n l\u1ef1c \u0111\u1ec3 x\u1eed l\u00fd c\u00e1c l\u00f4 h\u00e0ng \u0111\u1ebfn v\u00e0 \u0111i t\u1eeb b\u1ea5t k\u1ef3 n\u01a1i n\u00e0o tr\u00ean th\u1ebf gi\u1edbi.              <\/p>\n                          <div class=\"flex mt-[20px] items-center\">\n                <div class=\"size-6 md:size-8 xl:size-11 shrink-0 mr-2 lg:mr-2.5 xl:mr-5\">\n                  <img src='https:\/\/jupiterlogistics.group\/vn\/wp-content\/uploads\/sites\/14\/2024\/04\/037-boat-1.png' alt=''\n                    class=\"size-full\">\n                <\/div>\n                <h3 class=\" text-darkgrey heading3 items-center font-medium\">Chuy\u00ean m\u00f4n v\u00e0 Kinh nghi\u1ec7m                <\/h3>\n              <\/div>\n              <p class=\" text-primary heading6 mt-3 md:mt-[23px] leading-6 xl:leading-7\">\n                \u0110\u1ed9i ng\u0169 gi\u00e0u kinh nghi\u1ec7m c\u1ee7a ch\u00fang t\u00f4i s\u1edf h\u1eefu ki\u1ebfn th\u1ee9c s\u00e2u r\u1ed9ng v\u1ec1 logistics qu\u1ed1c t\u1ebf, quy \u0111\u1ecbnh h\u1ea3i quan v\u00e0 c\u00e1c th\u1ef1c ti\u1ec5n t\u1ed1t nh\u1ea5t trong ng\u00e0nh. Ch\u00fang t\u00f4i t\u1eadn d\u1ee5ng chuy\u00ean m\u00f4n c\u1ee7a m\u00ecnh \u0111\u1ec3 \u0111i\u1ec1u h\u01b0\u1edbng c\u00e1c ph\u1ee9c t\u1ea1p v\u00e0 \u0111\u1ea3m b\u1ea3o ho\u1ea1t \u0111\u1ed9ng su\u00f4n s\u1ebb.              <\/p>\n                          <div class=\"flex mt-[20px] items-center\">\n                <div class=\"size-6 md:size-8 xl:size-11 shrink-0 mr-2 lg:mr-2.5 xl:mr-5\">\n                  <img src='https:\/\/jupiterlogistics.group\/vn\/wp-content\/uploads\/sites\/14\/2024\/04\/037-boat-1.png' alt=''\n                    class=\"size-full\">\n                <\/div>\n                <h3 class=\" text-darkgrey heading3 items-center font-medium\">\u0110\u00e1ng tin c\u1eady v\u00e0 \u0110\u00fang gi\u1edd                <\/h3>\n              <\/div>\n              <p class=\" text-primary heading6 mt-3 md:mt-[23px] leading-6 xl:leading-7\">\n                Ch\u00fang t\u00f4i hi\u1ec3u t\u1ea7m quan tr\u1ecdng c\u1ee7a vi\u1ec7c giao h\u00e0ng \u0111\u00fang h\u1ea1n. Cam k\u1ebft c\u1ee7a ch\u00fang t\u00f4i \u0111\u1ed1i v\u1edbi s\u1ef1 tin c\u1eady v\u00e0 tu\u00e2n th\u1ee7 l\u1ecbch tr\u00ecnh \u0111\u1ea3m b\u1ea3o h\u00e0ng h\u00f3a c\u1ee7a b\u1ea1n \u0111\u1ebfn \u0111\u00edch \u0111\u00fang gi\u1edd, m\u1ecdi l\u00fac.              <\/p>\n                          <div class=\"flex mt-[20px] items-center\">\n                <div class=\"size-6 md:size-8 xl:size-11 shrink-0 mr-2 lg:mr-2.5 xl:mr-5\">\n                  <img src='https:\/\/jupiterlogistics.group\/vn\/wp-content\/uploads\/sites\/14\/2024\/04\/037-boat-1.png' alt=''\n                    class=\"size-full\">\n                <\/div>\n                <h3 class=\" text-darkgrey heading3 items-center font-medium\">Gi\u1ea3i ph\u00e1p d\u1ef1a tr\u00ean c\u00f4ng ngh\u1ec7                <\/h3>\n              <\/div>\n              <p class=\" text-primary heading6 mt-3 md:mt-[23px] leading-6 xl:leading-7\">\n                \u0110\u00f3n nh\u1eadn c\u00f4ng ngh\u1ec7 logistics ti\u00ean ti\u1ebfn, ch\u00fang t\u00f4i cung c\u1ea5p kh\u1ea3 n\u0103ng theo d\u00f5i, hi\u1ec3n th\u1ecb v\u00e0 b\u00e1o c\u00e1o theo th\u1eddi gian th\u1ef1c. B\u1ea1n c\u00f3 th\u1ec3 c\u1eadp nh\u1eadt th\u00f4ng tin v\u1ec1 t\u00ecnh tr\u1ea1ng l\u00f4 h\u00e0ng c\u1ee7a m\u00ecnh trong su\u1ed1t qu\u00e1 tr\u00ecnh v\u1eadn chuy\u1ec3n.              <\/p>\n                      \n        <\/div>\n      <\/div>\n\n      <div class=\"lg:max-w-[350px] xl:max-w-[400px] 5xl:max-w-[521px] max-sm:mb-2.5 max-lg:mb-5 mt-5 md:mt-10 lg:mt-0 max-sm:pr-2.5\">\n                  <img src='https:\/\/jupiterlogistics.group\/vn\/wp-content\/uploads\/sites\/14\/2024\/04\/jupiter-ship.png' alt=\"\" class=\" size-full object-cover aspect-[16\/5] lg:aspect-[13\/19] shadow-[10px_10px_0px_0px_#D6E1FD] sm:shadow-[20px_20px_0px_0px_#D6E1FD]\" \/>\n              <\/div>\n    <\/div>\n\n  <\/div>\n<\/div>\n\n\n\n<section id=\"successful-cases\" class=\"section bg-white latest-news overflow-hidden\">\n    <div class=\"container\">\n        <div class=\"container-md py-10 md:py-[60px] lg:py-20\">\n            <div class=\"sm:flex justify-between items-center\">\n                <h2 class=\" text-darkgrey font-medium heading1\"><\/h2>\n                            <\/div>\n            <div class=\"xl:mt-[33px] pt-5 md:pt-[27px] relative\">\n                <div class=\"curtain\"><\/div>\n                <div class=\"swiper news-swiper\">\n                    <div class=\"swiper-wrapper\">\n                                            <\/div>\n                <\/div>\n            <\/div>\n        <\/div>\n<\/section>","protected":false},"excerpt":{"rendered":"","protected":false},"author":3,"featured_media":0,"parent":0,"menu_order":0,"comment_status":"closed","ping_status":"closed","template":"","meta":{"_acf_changed":false,"footnotes":""},"enquiry_type":[],"class_list":["post-1694","page","type-page","status-publish","hentry"],"acf":[],"_links":{"self":[{"href":"https:\/\/jupiterlogistics.group\/vn\/vi\/wp-json\/wp\/v2\/pages\/1694","targetHints":{"allow":["GET"]}}],"collection":[{"href":"https:\/\/jupiterlogistics.group\/vn\/vi\/wp-json\/wp\/v2\/pages"}],"about":[{"href":"https:\/\/jupiterlogistics.group\/vn\/vi\/wp-json\/wp\/v2\/types\/page"}],"author":[{"embeddable":true,"href":"https:\/\/jupiterlogistics.group\/vn\/vi\/wp-json\/wp\/v2\/users\/3"}],"replies":[{"embeddable":true,"href":"https:\/\/jupiterlogistics.group\/vn\/vi\/wp-json\/wp\/v2\/comments?post=1694"}],"version-history":[{"count":3,"href":"https:\/\/jupiterlogistics.group\/vn\/vi\/wp-json\/wp\/v2\/pages\/1694\/revisions"}],"predecessor-version":[{"id":2027,"href":"https:\/\/jupiterlogistics.group\/vn\/vi\/wp-json\/wp\/v2\/pages\/1694\/revisions\/2027"}],"wp:attachment":[{"href":"https:\/\/jupiterlogistics.group\/vn\/vi\/wp-json\/wp\/v2\/media?parent=1694"}],"wp:term":[{"taxonomy":"enquiry_type","embeddable":true,"href":"https:\/\/jupiterlogistics.group\/vn\/vi\/wp-json\/wp\/v2\/enquiry_type?post=1694"}],"curies":[{"name":"wp","href":"https:\/\/api.w.org\/{rel}","templated":true}]}}