{"id":1715,"date":"2024-04-13T03:13:44","date_gmt":"2024-04-13T03:13:44","guid":{"rendered":"https:\/\/jupiterlogistics.group\/vn\/vision-mission\/"},"modified":"2025-02-11T07:53:12","modified_gmt":"2025-02-11T07:53:12","slug":"vision-mission","status":"publish","type":"page","link":"https:\/\/jupiterlogistics.group\/vn\/vi\/vision-mission\/","title":{"rendered":"Vision &amp; Mission"},"content":{"rendered":"<div class=\"\">\n    <div class=\"relative min-h-52 md:min-h-60 lg:min-h-[322px] flex justify-center items-center \">\n                <img decoding=\"async\" class=\"absolute w-full h-full inset-0 object-cover\" src=\"https:\/\/jupiterlogistics.group\/vn\/wp-content\/uploads\/sites\/14\/2024\/04\/Rectangle-34624529.png\"\n            alt=\"\" \/>\n        \n        <div class=\"container z-10  text-white\">\n            <div class='container-md '>\n                <h1 class=\"heading1 font-bold leading-[1.2] uppercase\"> GI\u00c1 TR\u1eca, T\u1ea6M NH\u00ccN V\u00c0 S\u1ee8 M\u1ec6NH C\u1ee6A CH\u00daNG T\u00d4I<\/h1>\n            <\/div>\n        <\/div>\n        <div class=\"absolute inset-0 w-full h-full  bg-banner-gradient \"><\/div>\n    <\/div>\n    <div>\n        <div class=\"h-[28px] w-full bg-primaryblue\"><\/div>\n        <div class=\"h-[6px] w-full bg-green\"><\/div>\n    <\/div>\n<\/div>\n\n\n<div id=\"breadcrumbs\">\n    <div class=\"container\">\n        <div class=\"container-md mt-1 py-5 3xl:py-6 font-medium\">\n            <div class=\"breadcrumb-items\">\n                <a class=\"page-link\" href=\"https:\/\/jupiterlogistics.group\/vn\/vi\/\">Home<\/a>            <\/div>\n        <\/div>\n    <\/div>\n<\/div>\n\n\n<div class=\"container\">\n    <div\n        class=\"mb-12 md:mb-16 lg:mb-20 3xl:mb-[90px] 6xl:mb-[100px] mt-5 lg:mt-[30px] container-md  flex flex-col justify-center items-center \">\n\n        <h4 class=\" text-darkgrey heading1 font-medium\">Gi\u00e1 tr\u1ecb c\u1ee7a ch\u00fang t\u00f4i<\/h4>\n                            <div class=\"grid grid-cols-2 md:grid-cols-3 lg:grid-cols-4  gap-[15px] mt-10\">\n                                    <div class='bg-grey p-6'>\n                                                                            <img src='https:\/\/jupiterlogistics.group\/vn\/wp-content\/uploads\/sites\/14\/2024\/04\/leadermasterbestentrepreneurbusinessman-1.png' alt='' \/>\n                        \n                        <h4 class=' heading3 text-darkgrey mt-1 font-medium'>\n                            Xu\u1ea5t s\u1eafc                        <\/h4>\n                        <p class='body-extra-small text-primary mt-[10px] heading6'>\n                            Ph\u1ea5n \u0111\u1ea5u \u0111\u1ea1t ti\u00eau chu\u1ea9n cao nh\u1ea5t v\u00e0 c\u1ea3i ti\u1ebfn li\u00ean t\u1ee5c.                        <\/p>\n                    <\/div>\n                                    <div class='bg-grey p-6'>\n                                                                            <img src='https:\/\/jupiterlogistics.group\/vn\/wp-content\/uploads\/sites\/14\/2024\/04\/compassionhelpempathygivekindnesscompassionhelpempathygivekindness-1.png' alt='' \/>\n                        \n                        <h4 class=' heading3 text-darkgrey mt-1 font-medium'>\n                            Ch\u00ednh tr\u1ef1c                        <\/h4>\n                        <p class='body-extra-small text-primary mt-[10px] heading6'>\n                            H\u00e0nh \u0111\u1ed9ng v\u1edbi s\u1ef1 trung th\u1ef1c, \u0111\u1ea1o \u0111\u1ee9c v\u00e0 tr\u00e1ch nhi\u1ec7m trong m\u1ecdi t\u01b0\u01a1ng t\u00e1c.                        <\/p>\n                    <\/div>\n                                    <div class='bg-grey p-6'>\n                                                                            <img src='https:\/\/jupiterlogistics.group\/vn\/wp-content\/uploads\/sites\/14\/2024\/04\/creativityinnovativeconceptdesign-thinkingwriting-1.png' alt='' \/>\n                        \n                        <h4 class=' heading3 text-darkgrey mt-1 font-medium'>\n                            \u0110\u1ed5i m\u1edbi                        <\/h4>\n                        <p class='body-extra-small text-primary mt-[10px] heading6'>\n                            \u0110\u00f3n nh\u1eadn nh\u1eefng \u00fd t\u01b0\u1edfng v\u00e0 gi\u1ea3i ph\u00e1p s\u00e1ng t\u1ea1o \u0111\u1ec3 th\u00fac \u0111\u1ea9y ti\u1ebfn b\u1ed9 v\u00e0 th\u00e0nh c\u00f4ng.                        <\/p>\n                    <\/div>\n                                    <div class='bg-grey p-6'>\n                                                                            <img src='https:\/\/jupiterlogistics.group\/vn\/wp-content\/uploads\/sites\/14\/2024\/04\/participationcoordinationmemberscommunitynetwork-1.png' alt='' \/>\n                        \n                        <h4 class=' heading3 text-darkgrey mt-1 font-medium'>\n                            H\u1ee3p t\u00e1c                        <\/h4>\n                        <p class='body-extra-small text-primary mt-[10px] heading6'>\n                            L\u00e0m vi\u1ec7c c\u00f9ng nhau \u0111\u1ec3 \u0111\u1ea1t \u0111\u01b0\u1ee3c c\u00e1c m\u1ee5c ti\u00eau chung v\u00e0 th\u00fac \u0111\u1ea9y tinh th\u1ea7n \u0111\u1ed3ng \u0111\u1ed9i.                        <\/p>\n                    <\/div>\n                                    <div class='bg-grey p-6'>\n                                                                            <img src='https:\/\/jupiterlogistics.group\/vn\/wp-content\/uploads\/sites\/14\/2024\/04\/challengemotivationresilienceeffortattempt-1.png' alt='' \/>\n                        \n                        <h4 class=' heading3 text-darkgrey mt-1 font-medium'>\n                            H\u01b0\u1edbng \u0111\u1ebfn s\u1ef1 ph\u00e1t tri\u1ec3n                        <\/h4>\n                        <p class='body-extra-small text-primary mt-[10px] heading6'>\n                            Theo \u0111u\u1ed5i c\u00e1c c\u01a1 h\u1ed9i ph\u00e1t tri\u1ec3n c\u00e1 nh\u00e2n v\u00e0 t\u1ed5 ch\u1ee9c.                        <\/p>\n                    <\/div>\n                                    <div class='bg-grey p-6'>\n                                                                            <img src='https:\/\/jupiterlogistics.group\/vn\/wp-content\/uploads\/sites\/14\/2024\/04\/mutual-friendsbest-friendcommunitynetworkteam-1.png' alt='' \/>\n                        \n                        <h4 class=' heading3 text-darkgrey mt-1 font-medium'>\n                            L\u1ea5y kh\u00e1ch h\u00e0ng l\u00e0m trung t\u00e2m                        <\/h4>\n                        <p class='body-extra-small text-primary mt-[10px] heading6'>\n                            \u0110\u1eb7t nhu c\u1ea7u v\u00e0 s\u1ef1 h\u00e0i l\u00f2ng c\u1ee7a kh\u00e1ch h\u00e0ng l\u00ean h\u00e0ng \u0111\u1ea7u.                        <\/p>\n                    <\/div>\n                                    <div class='bg-grey p-6'>\n                                                                            <img src='https:\/\/jupiterlogistics.group\/vn\/wp-content\/uploads\/sites\/14\/2024\/04\/responsibilitysettingscheckmarkcogwheelgear-1.png' alt='' \/>\n                        \n                        <h4 class=' heading3 text-darkgrey mt-1 font-medium'>\n                            \u0110\u00e1ng tin c\u1eady                        <\/h4>\n                        <p class='body-extra-small text-primary mt-[10px] heading6'>\n                            Li\u00ean t\u1ee5c cung c\u1ea5p c\u00e1c s\u1ea3n ph\u1ea9m ho\u1eb7c d\u1ecbch v\u1ee5 \u0111\u00e1ng tin c\u1eady v\u00e0 \u0111\u00e1ng tin c\u1eady.                        <\/p>\n                    <\/div>\n                                    <div class='bg-grey p-6'>\n                                                                            <img src='https:\/\/jupiterlogistics.group\/vn\/wp-content\/uploads\/sites\/14\/2024\/04\/growthenvironmentinvestmentplantinggardening-1-1.png' alt='' \/>\n                        \n                        <h4 class=' heading3 text-darkgrey mt-1 font-medium'>\n                            B\u1ec1n v\u1eefng                        <\/h4>\n                        <p class='body-extra-small text-primary mt-[10px] heading6'>\n                            Th\u00fac \u0111\u1ea9y c\u00e1c th\u1ef1c h\u00e0nh h\u1ed7 tr\u1ee3 s\u1ef1 ph\u00e1t tri\u1ec3n b\u1ec1n v\u1eefng v\u1ec1 m\u00f4i tr\u01b0\u1eddng, x\u00e3 h\u1ed9i v\u00e0 kinh t\u1ebf.                        <\/p>\n                    <\/div>\n                            <\/div>\n            <\/div>\n<\/div>\n\n\n<div class=\"relative bg-grey\">\n    <div class=\"relative lg:absolute left-0 top-0 h-full  w-full lg:w-[45%] overflow-hidden\">\n                    <img src='https:\/\/jupiterlogistics.group\/vn\/wp-content\/uploads\/sites\/14\/2024\/05\/thumb-Our-vision.png' alt='' class=\" w-full h-full object-cover py-[1px] pr-[1px]\" \/>\n        \n        <img decoding=\"async\" class=\"absolute h-full right-0 top-0\" src=\"https:\/\/jupiterlogistics.group\/vn\/wp-content\/themes\/jupiter-group\/public\/images\/vision.svg\" alt=\"arrow shape\">\n\n    <\/div>\n\n\n    <div class=\"container w-full\">\n        <div class=\"container-md flex\">\n\n            <div class=\"hidden lg:block w-full lg:w-1\/2\"><\/div>\n            <div class=\"w-full lg:w-1\/2 flex flex-col  py-8 md:py-[50px] lg:py-[60px] xl:py-[140px] justify-center\">\n                <h4 class=\"text-center md:text-left heading2 text-darkgrey font-medium\">T\u1ea7m nh\u00ecn c\u1ee7a ch\u00fang t\u00f4i<\/h4>\n                <div class=\"heading4 mt-4 lg:mt-[20px] leading-6 xl:leading-[38px] max-w-[642px]\"><p>Ch\u00fang t\u00f4i h\u00ecnh dung m\u1ed9t t\u01b0\u01a1ng lai n\u01a1i ch\u00fang t\u00f4i t\u1ea1o ra m\u1ed9t v\u1ecb tr\u00ed \u0111\u1ed9c \u0111\u00e1o v\u00e0 c\u00f3 ch\u1ed7 \u0111\u1ee9ng v\u1eefng ch\u1eafc b\u1eb1ng c\u00e1ch cung c\u1ea5p c\u00e1c d\u1ecbch v\u1ee5 logistics s\u00e1ng t\u1ea1o v\u00e0 ch\u1ea5t l\u01b0\u1ee3ng cao. \u0110\u1ed3ng th\u1eddi, ch\u00fang t\u00f4i s\u1ebd ti\u1ebfp t\u1ee5c \u01b0u ti\u00ean s\u1ef1 h\u00e0i l\u00f2ng c\u1ee7a nh\u00e2n vi\u00ean v\u00e0 t\u1ea1o ra m\u1ed9t m\u00f4i tr\u01b0\u1eddng l\u00e0m vi\u1ec7c t\u00edch c\u1ef1c, th\u00fac \u0111\u1ea9y s\u1ef1 s\u00e1ng t\u1ea1o, h\u1ee3p t\u00e1c v\u00e0 ph\u00e1t tri\u1ec3n.<\/p>\n                <\/div>\n            <\/div>\n        <\/div>\n    <\/div>\n<\/div>\n\n\n<div class=\"container\">\n    <div\n        class=\"py-[42px] md:py-[60px] lg:py-[80px] 2xl:py-[113px] container-md  flex flex-col justify-center items-center heading3 \">\n        <h4 class=\" text-darkgrey heading1 font-medium\">S\u1ee9 m\u1ec7nh c\u1ee7a ch\u00fang t\u00f4i<\/h4>\n        <div\n            class=\" flex flex-col md:flex-row justify-evenly space-y-5 md:space-y-0 mt-8 md:mt-10 lg:mt-12 3xl:mt-16 5xl:mt-20 w-full\">\n                                    <div class=\"flex-1 flex w-full text-center\">\n                <div class=\"w-full\">\n                    <h4 class='heading3 text-darkgrey font-medium'>\u0110\u1ed1i v\u1edbi kh\u00e1ch h\u00e0ng<\/h4>\n                    <p class='text-primary heading6 mt-2 md:mt-5 leading-6 xl:leading-7'>\n                        Cung c\u1ea5p d\u1ecbch v\u1ee5 logistics v\u01b0\u1ee3t tr\u1ed9i v\u00e0 ch\u1ea5t l\u01b0\u1ee3ng cao trong c\u1ea3 th\u1ecb tr\u01b0\u1eddng ng\u00e1ch v\u00e0 th\u1ecb tr\u01b0\u1eddng chung.<\/p>\n                <\/div>\n                <div\n                    class=\"mx-4 lg:mx-5 3xl:mx-7 6xl:mx-[34px] h-22 border border-[#E2E2E2] w-px hidden md:block\">\n                <\/div>             <\/div>\n                        <div class=\"flex-1 flex w-full text-center\">\n                <div class=\"w-full\">\n                    <h4 class='heading3 text-darkgrey font-medium'>\u0110\u1ed1i v\u1edbi nh\u00e2n vi\u00ean<\/h4>\n                    <p class='text-primary heading6 mt-2 md:mt-5 leading-6 xl:leading-7'>\n                        Ph\u1ea5n \u0111\u1ea5u v\u00ec s\u1ef1 h\u00e0i l\u00f2ng c\u1ee7a nh\u00e2n vi\u00ean, nu\u00f4i d\u01b0\u1ee1ng s\u1ef1 ph\u00e1t tri\u1ec3n c\u00e1 nh\u00e2n v\u00e0 chuy\u00ean nghi\u1ec7p.<\/p>\n                <\/div>\n                <div\n                    class=\"mx-4 lg:mx-5 3xl:mx-7 6xl:mx-[34px] h-22 border border-[#E2E2E2] w-px hidden md:block\">\n                <\/div>             <\/div>\n                        <div class=\"flex-1 flex w-full text-center\">\n                <div class=\"w-full\">\n                    <h4 class='heading3 text-darkgrey font-medium'>\u0110\u1ed1i v\u1edbi \u0111\u1ed1i t\u00e1c<\/h4>\n                    <p class='text-primary heading6 mt-2 md:mt-5 leading-6 xl:leading-7'>\n                        Duy tr\u00ec c\u00e1c ti\u00eau chu\u1ea9n cao nh\u1ea5t v\u1ec1 t\u00ednh ch\u00ednh tr\u1ef1c v\u00e0 uy t\u00edn, ch\u00fang t\u00f4i h\u01b0\u1edbng t\u1edbi x\u00e2y d\u1ef1ng c\u00e1c m\u1ed1i quan h\u1ec7 \u0111\u1ed1i t\u00e1c b\u1ec1n v\u1eefng v\u00e0 tr\u1edf th\u00e0nh \u0111\u1ed1i t\u00e1c logistics \u0111\u00e1ng tin c\u1eady.<\/p>\n                <\/div>\n                            <\/div>\n                                <\/div>\n        <img src='https:\/\/jupiterlogistics.group\/vn\/wp-content\/uploads\/sites\/14\/2024\/04\/Rectangle-1016-1.png' class=\"clipped-circle-top mt-12\">\n    <\/div>\n<\/div>\n\n\n<p><\/p>\n","protected":false},"excerpt":{"rendered":"","protected":false},"author":3,"featured_media":0,"parent":0,"menu_order":0,"comment_status":"closed","ping_status":"closed","template":"","meta":{"_acf_changed":false,"footnotes":""},"enquiry_type":[],"class_list":["post-1715","page","type-page","status-publish","hentry"],"acf":[],"_links":{"self":[{"href":"https:\/\/jupiterlogistics.group\/vn\/vi\/wp-json\/wp\/v2\/pages\/1715","targetHints":{"allow":["GET"]}}],"collection":[{"href":"https:\/\/jupiterlogistics.group\/vn\/vi\/wp-json\/wp\/v2\/pages"}],"about":[{"href":"https:\/\/jupiterlogistics.group\/vn\/vi\/wp-json\/wp\/v2\/types\/page"}],"author":[{"embeddable":true,"href":"https:\/\/jupiterlogistics.group\/vn\/vi\/wp-json\/wp\/v2\/users\/3"}],"replies":[{"embeddable":true,"href":"https:\/\/jupiterlogistics.group\/vn\/vi\/wp-json\/wp\/v2\/comments?post=1715"}],"version-history":[{"count":3,"href":"https:\/\/jupiterlogistics.group\/vn\/vi\/wp-json\/wp\/v2\/pages\/1715\/revisions"}],"predecessor-version":[{"id":1817,"href":"https:\/\/jupiterlogistics.group\/vn\/vi\/wp-json\/wp\/v2\/pages\/1715\/revisions\/1817"}],"wp:attachment":[{"href":"https:\/\/jupiterlogistics.group\/vn\/vi\/wp-json\/wp\/v2\/media?parent=1715"}],"wp:term":[{"taxonomy":"enquiry_type","embeddable":true,"href":"https:\/\/jupiterlogistics.group\/vn\/vi\/wp-json\/wp\/v2\/enquiry_type?post=1715"}],"curies":[{"name":"wp","href":"https:\/\/api.w.org\/{rel}","templated":true}]}}