{"id":1718,"date":"2024-04-13T03:17:59","date_gmt":"2024-04-13T03:17:59","guid":{"rendered":"https:\/\/jupiterlogistics.group\/vn\/supply-chain-solutions\/"},"modified":"2025-02-11T09:48:44","modified_gmt":"2025-02-11T09:48:44","slug":"supply-chain-solutions","status":"publish","type":"page","link":"https:\/\/jupiterlogistics.group\/vn\/vi\/supply-chain-solutions\/","title":{"rendered":"Supply Chain Solutions"},"content":{"rendered":"<div class=\"\">\n    <div class=\"relative min-h-52 md:min-h-60 lg:min-h-[322px] flex justify-center items-center \">\n                <img decoding=\"async\" class=\"absolute w-full h-full inset-0 object-cover\" src=\"https:\/\/jupiterlogistics.group\/vn\/wp-content\/uploads\/sites\/14\/2024\/04\/3pl.png\"\n            alt=\"\" \/>\n        \n        <div class=\"container z-10  text-white\">\n            <div class='container-md '>\n                <h1 class=\"heading1 font-bold leading-[1.2] uppercase\"> Gi\u1ea3i ph\u00e1p chu\u1ed7i cung \u1ee9ng<\/h1>\n            <\/div>\n        <\/div>\n        <div class=\"absolute inset-0 w-full h-full  bg-banner-gradient \"><\/div>\n    <\/div>\n    <div>\n        <div class=\"h-[28px] w-full bg-primaryblue\"><\/div>\n        <div class=\"h-[6px] w-full bg-green\"><\/div>\n    <\/div>\n<\/div>\n\n\n<div id=\"breadcrumbs\">\n    <div class=\"container\">\n        <div class=\"container-md mt-1 py-5 3xl:py-6 font-medium\">\n            <div class=\"breadcrumb-items\">\n                <a class=\"page-link\" href=\"https:\/\/jupiterlogistics.group\/vn\/vi\/\">Home<\/a>            <\/div>\n        <\/div>\n    <\/div>\n<\/div>\n\n\n<div class=\"container business-about mb-4 md:mb-[32px] 2xl:mb-[42px] 6xl:mb-[60px]\">\n    <div class=\"pb-2 mt-5 lg:mt-[30px] container-sm  flex flex-col justify-center items-center\">\n        <div class=\"max-w-[1082px] text-center mx-auto\">\n            <h2 class=\"heading2 font-medium text-darkgrey\">Kh\u00e1m ph\u00e1 s\u1ee9c m\u1ea1nh c\u1ee7a logistics hi\u1ec7u qu\u1ea3 v\u1edbi Jupiter<\/h2>\n                        <div class='mt-3 md:mt-[20px] text-primary heading6 leading-[1.4] max-w-[914px] mx-auto content'>\n                <p>Trong th\u1ebf gi\u1edbi logistics nhanh ch\u00f3ng, vi\u1ec7c c\u00f3 m\u1ed9t \u0111\u1ed1i t\u00e1c \u0111\u00e1ng tin c\u1eady v\u00e0 tin c\u1eady l\u00e0 \u0111i\u1ec1u c\u1ea7n thi\u1ebft. Kh\u00f4ng c\u1ea7n t\u00ecm \u0111\u00e2u xa ngo\u00e0i Jupiter Logistics, c\u00f4ng ty d\u1eabn \u0111\u1ea7u ng\u00e0nh trong l\u0129nh v\u1ef1c logistics b\u00ean th\u1ee9 ba (Gi\u1ea3i ph\u00e1p chu\u1ed7i cung \u1ee9ng). V\u1edbi cam k\u1ebft kh\u00f4ng ng\u1eebng v\u1ec1 s\u1ef1 xu\u1ea5t s\u1eafc v\u00e0 c\u00e1c gi\u1ea3i ph\u00e1p t\u00f9y ch\u1ec9nh, ch\u00fang t\u00f4i \u1edf \u0111\u00e2y \u0111\u1ec3 chuy\u1ec3n \u0111\u1ed5i ho\u1ea1t \u0111\u1ed9ng logistics c\u1ee7a b\u1ea1n v\u00e0 th\u00fac \u0111\u1ea9y doanh nghi\u1ec7p c\u1ee7a b\u1ea1n ti\u1ebfn l\u00ean.<\/p>\n            <\/div>\n        <\/div>\n\n    <\/div>\n<\/div>\n\n\n<div class=\" z-50 bg-white\">\n    <div class=\"container\">\n        <div class=\"container-md\">\n            <div\n                class=\"py-3 lg:py-6 mb-4 md:mb-[32px] 2xl:mb-[42px] 6xl:mb-[60px] flex flex-col md:flex-row md:flex-wrap items-center \">\n                                                <div class=\"flex items-center \">\n                    <a href=\"#warehousing\"\n                        class='link py-2 md:py-[10px] heading4 font-medium text-primaryblue border-b-[5px] border-transparent active'>\n                        D\u1ecbch v\u1ee5 kho b\u00e3i v\u00e0 gi\u00e1 tr\u1ecb gia t\u0103ng<\/a>\n                    <div\n                        class=\"hidden md:block h-[27px] bg-[#BDBDBD] w-[1px] mx-4 md:mx-6 lg:mx-[28px] \">\n                    <\/div>\n                <\/div>\n                                <div class=\"flex items-center \">\n                    <a href=\"#pick-up\"\n                        class='link py-2 md:py-[10px] heading4 font-medium text-primaryblue border-b-[5px] border-transparent '>\n                        Nh\u1eadn v\u00e0 ph\u00e2n ph\u1ed1i<\/a>\n                    <div\n                        class=\"hidden md:block h-[27px] bg-[#BDBDBD] w-[1px] mx-4 md:mx-6 lg:mx-[28px] \">\n                    <\/div>\n                <\/div>\n                                <div class=\"flex items-center \">\n                    <a href=\"#in-house\"\n                        class='link py-2 md:py-[10px] heading4 font-medium text-primaryblue border-b-[5px] border-transparent '>\n                        Logistics n\u1ed9i b\u1ed9<\/a>\n                    <div\n                        class=\"hidden md:block h-[27px] bg-[#BDBDBD] w-[1px] mx-4 md:mx-6 lg:mx-[28px] \">\n                    <\/div>\n                <\/div>\n                                <div class=\"flex items-center \">\n                    <a href=\"#e-fulfillment\"\n                        class='link py-2 md:py-[10px] heading4 font-medium text-primaryblue border-b-[5px] border-transparent '>\n                        Ho\u00e0n th\u00e0nh \u0111\u01a1n h\u00e0ng \u0111i\u1ec7n t\u1eed \/ Ho\u00e0n th\u00e0nh \u0111\u01a1n h\u00e0ng<\/a>\n                    <div\n                        class=\"hidden md:block h-[27px] bg-[#BDBDBD] w-[1px] mx-4 md:mx-6 lg:mx-[28px] \">\n                    <\/div>\n                <\/div>\n                                <div class=\"flex items-center \">\n                    <a href=\"#custom\"\n                        class='link py-2 md:py-[10px] heading4 font-medium text-primaryblue border-b-[5px] border-transparent '>\n                        Th\u00f4ng quan<\/a>\n                    <div\n                        class=\"hidden md:block h-[27px] bg-[#BDBDBD] w-[1px] mx-4 md:mx-6 lg:mx-[28px] md:hidden\">\n                    <\/div>\n                <\/div>\n                                            <\/div>\n        <\/div>\n    <\/div>\n<\/div>\n\n\n<script>\ndocument.addEventListener(\"DOMContentLoaded\", function() {\n    \/\/ Handles click events on links\n    const links = document.querySelectorAll('.link');\n    links.forEach(link => {\n        link.addEventListener('click', function() {\n            links.forEach(l => l.classList.remove('active'));\n            this.classList.add('active');\n        });\n    });\n\n    \/\/ Prepare sections data\n    const sections = Array.from(document.querySelectorAll(\".section\")).reduce((acc, e) => {\n        acc[e.id] = e.offsetTop;\n        return acc;\n    }, {});\n\n    \/\/ Handle scrolling\n    window.onscroll = () => {\n        const scrollPosition = document.documentElement.scrollTop || document.body.scrollTop;\n\n        for (let id in sections) {\n            if (sections[id] <= scrollPosition) {\n                \/\/ Remove 'active' class from any element that currently has it\n                const currentlyActive = document.querySelector('.active');\n                if (currentlyActive) {\n                    currentlyActive.classList.remove('active');\n                }\n\n\n                \/\/ Find the corresponding anchor and add 'active' class\n                const newActive = document.querySelector(`a[href*=\"${id}\"]`);\n                if (newActive) {\n                    newActive.classList.add('active');\n                }\n\n            }\n        }\n    };\n});\n<\/script>\n\n\n<div id=\"warehousing\" class=\"relative bg-grey section business-info-card\">\n    <div\n        class=\"relative lg:absolute right-0 top-0 h-full w-full lg:w-[45%] overflow-hidden max-h-[300px] md:max-h-[380px] lg:max-h-max max-lg:aspect-[3\/2]\">\n                <img decoding=\"async\" src=\"https:\/\/jupiterlogistics.group\/vn\/wp-content\/uploads\/sites\/14\/2024\/04\/jupiter-warehousing.jpeg\" alt=\"\"\n            class=\"w-full h-full object-cover py-[1px] pl-[1px]\" \/>\n                <img decoding=\"async\" class=\"absolute h-[calc(100%+2px)] -left-px -top-px\"\n            src=\"https:\/\/jupiterlogistics.group\/vn\/wp-content\/themes\/jupiter-group\/public\/images\/arrowshaperight.svg\" alt=\"arrow shape\">\n\n    <\/div>\n\n    <div class=\"container\">\n        <div class=\"container-md\">\n            <div class=\"w-full lg:w-[55%] flex flex-col py-8 md:py-[50px] lg:py-[60px] xl:py-[100px] justify-center\">\n                <h4 class=\"text-center md:text-left heading2 text-darkgrey font-medium\">D\u1ecbch v\u1ee5 kho b\u00e3i v\u00e0 gi\u00e1 tr\u1ecb gia t\u0103ng                <\/h4>\n                <h5 class=\"heading3 mt-4 lg:mt-6 xl:mt-[40px] font-medium text-primaryblue\">\n                                    <\/h5>\n                <div class=\"heading6 max-w-[650px] mt-4 lg:mt-[20px] leading-6 xl:leading-7 description\">\n                    <ul>\n<li>Trung t\u00e2m ph\u00e2n ph\u1ed1i<\/li>\n<li>Qu\u1ea3n l\u00fd h\u00e0ng t\u1ed3n kho b\u1edfi nh\u00e0 cung c\u1ea5p<\/li>\n<li>T\u01b0 v\u1ea5n \u0111\u1ecba \u0111i\u1ec3m kho b\u00e3i<\/li>\n<li>Kho b\u00e3i ki\u1ec3m so\u00e1t nhi\u1ec7t \u0111\u1ed9<\/li>\n<li>\u0110\u00f3ng g\u00f3i v\u00e0 l\u1eafp r\u00e1p<\/li>\n<li>D\u00e1n nh\u00e3n<\/li>\n<li>Ki\u1ec3m tra tr\u01b0\u1edbc v\u00e0 l\u1eafp \u0111\u1eb7t<\/li>\n<\/ul>\n<\/div>\n            <\/div>\n        <\/div>\n    <\/div>\n<\/div>\n<div id=\"pick-up\" class=\"relative section business-info-card\">\n    <div\n        class=\"relative lg:absolute left-0 top-0 h-full w-full lg:w-[45%] overflow-hidden max-h-[300px] md:max-h-[380px] lg:max-h-max aspect-[3\/2]\">\n                <img decoding=\"async\" src=\"https:\/\/jupiterlogistics.group\/vn\/wp-content\/uploads\/sites\/14\/2024\/04\/jupiter-pick-up.png\" alt=\"\"\n            class=\"w-full h-full object-cover py-[1px] pr-[1px]\" \/>\n                <img decoding=\"async\" class=\"absolute h-[calc(100%+2px)] -right-px -top-px\"\n            src=\"https:\/\/jupiterlogistics.group\/vn\/wp-content\/themes\/jupiter-group\/public\/images\/arrowshapeleft.svg\" alt=\"arrow shape\">\n\n    <\/div>\n\n    <div class=\"container w-full\">\n        <div class=\"container-md flex\">\n            <div class=\"hidden lg:block w-full lg:w-1\/2\"><\/div>\n            <div class=\"w-full lg:w-1\/2 flex flex-col py-8 md:py-[50px] lg:py-[60px] xl:py-[140px] justify-center\">\n                <h4 class=\"text-center md:text-left heading2 text-darkgrey font-medium\">Nh\u1eadn v\u00e0 ph\u00e2n ph\u1ed1i                <\/h4>\n                <h5 class=\"heading3 mt-4 lg:mt-6 xl:mt-[40px] font-medium text-primaryblue\">\n                                    <\/h5>\n                <div class=\"heading6 max-w-[650px] mt-4 lg:mt-[20px] leading-6 xl:leading-7 description\">\n                    <ul>\n<li>Ch\u1ea1y s\u1eefa<\/li>\n<li>V\u1eadn chuy\u1ec3n xuy\u00ean bi\u00ean gi\u1edbi<\/li>\n<li>Giao h\u00e0ng ch\u1eb7ng cu\u1ed1i<\/li>\n<\/ul>\n<\/div>\n            <\/div>\n        <\/div>\n    <\/div>\n<\/div>\n<div id=\"in-house\" class=\"relative bg-grey section business-info-card\">\n    <div\n        class=\"relative lg:absolute right-0 top-0 h-full w-full lg:w-[45%] overflow-hidden max-h-[300px] md:max-h-[380px] lg:max-h-max max-lg:aspect-[3\/2]\">\n                <img decoding=\"async\" src=\"https:\/\/jupiterlogistics.group\/vn\/wp-content\/uploads\/sites\/14\/2024\/04\/jupiter-in-house-logistics.jpeg\" alt=\"\"\n            class=\"w-full h-full object-cover py-[1px] pl-[1px]\" \/>\n                <img decoding=\"async\" class=\"absolute h-[calc(100%+2px)] -left-px -top-px\"\n            src=\"https:\/\/jupiterlogistics.group\/vn\/wp-content\/themes\/jupiter-group\/public\/images\/arrowshaperight.svg\" alt=\"arrow shape\">\n\n    <\/div>\n\n    <div class=\"container\">\n        <div class=\"container-md\">\n            <div class=\"w-full lg:w-[55%] flex flex-col py-8 md:py-[50px] lg:py-[60px] xl:py-[100px] justify-center\">\n                <h4 class=\"text-center md:text-left heading2 text-darkgrey font-medium\">Logistics n\u1ed9i b\u1ed9                <\/h4>\n                <h5 class=\"heading3 mt-4 lg:mt-6 xl:mt-[40px] font-medium text-primaryblue\">\n                                    <\/h5>\n                <div class=\"heading6 max-w-[650px] mt-4 lg:mt-[20px] leading-6 xl:leading-7 description\">\n                    <ul>\n<li>T\u1ed1i \u01b0u h\u00f3a c\u01a1 s\u1edf s\u1ea3n xu\u1ea5t<\/li>\n<li>D\u1ecbch v\u1ee5 t\u01b0 v\u1ea5n<\/li>\n<\/ul>\n<\/div>\n            <\/div>\n        <\/div>\n    <\/div>\n<\/div>\n<div id=\"e-fulfillment\" class=\"relative section business-info-card\">\n    <div\n        class=\"relative lg:absolute left-0 top-0 h-full w-full lg:w-[45%] overflow-hidden max-h-[300px] md:max-h-[380px] lg:max-h-max aspect-[3\/2]\">\n                <img decoding=\"async\" src=\"https:\/\/jupiterlogistics.group\/vn\/wp-content\/uploads\/sites\/14\/2024\/04\/jupiter-e-fulfilment.png\" alt=\"\"\n            class=\"w-full h-full object-cover py-[1px] pr-[1px]\" \/>\n                <img decoding=\"async\" class=\"absolute h-[calc(100%+2px)] -right-px -top-px\"\n            src=\"https:\/\/jupiterlogistics.group\/vn\/wp-content\/themes\/jupiter-group\/public\/images\/arrowshapeleft.svg\" alt=\"arrow shape\">\n\n    <\/div>\n\n    <div class=\"container w-full\">\n        <div class=\"container-md flex\">\n            <div class=\"hidden lg:block w-full lg:w-1\/2\"><\/div>\n            <div class=\"w-full lg:w-1\/2 flex flex-col py-8 md:py-[50px] lg:py-[60px] xl:py-[140px] justify-center\">\n                <h4 class=\"text-center md:text-left heading2 text-darkgrey font-medium\">Ho\u00e0n th\u00e0nh \u0111\u01a1n h\u00e0ng \u0111i\u1ec7n t\u1eed \/ Ho\u00e0n th\u00e0nh \u0111\u01a1n h\u00e0ng                <\/h4>\n                <h5 class=\"heading3 mt-4 lg:mt-6 xl:mt-[40px] font-medium text-primaryblue\">\n                                    <\/h5>\n                <div class=\"heading6 max-w-[650px] mt-4 lg:mt-[20px] leading-6 xl:leading-7 description\">\n                    <ul>\n<li>D\u00e1n nh\u00e3n v\u00e0 m\u00e3 v\u1ea1ch s\u1ea3n ph\u1ea9m<\/li>\n<li>V\u1eadn chuy\u1ec3n v\u00e0 \u0111\u00f3ng g\u00f3i<\/li>\n<\/ul>\n<\/div>\n            <\/div>\n        <\/div>\n    <\/div>\n<\/div>\n<div id=\"custom\" class=\"relative bg-grey section business-info-card\">\n    <div\n        class=\"relative lg:absolute right-0 top-0 h-full w-full lg:w-[45%] overflow-hidden max-h-[300px] md:max-h-[380px] lg:max-h-max max-lg:aspect-[3\/2]\">\n                <img decoding=\"async\" src=\"https:\/\/jupiterlogistics.group\/vn\/wp-content\/uploads\/sites\/14\/2024\/04\/jupiter-customs-clearance.png\" alt=\"\"\n            class=\"w-full h-full object-cover py-[1px] pl-[1px]\" \/>\n                <img decoding=\"async\" class=\"absolute h-[calc(100%+2px)] -left-px -top-px\"\n            src=\"https:\/\/jupiterlogistics.group\/vn\/wp-content\/themes\/jupiter-group\/public\/images\/arrowshaperight.svg\" alt=\"arrow shape\">\n\n    <\/div>\n\n    <div class=\"container\">\n        <div class=\"container-md\">\n            <div class=\"w-full lg:w-[55%] flex flex-col py-8 md:py-[50px] lg:py-[60px] xl:py-[100px] justify-center\">\n                <h4 class=\"text-center md:text-left heading2 text-darkgrey font-medium\">Th\u00f4ng quan                <\/h4>\n                <h5 class=\"heading3 mt-4 lg:mt-6 xl:mt-[40px] font-medium text-primaryblue\">\n                                    <\/h5>\n                <div class=\"heading6 max-w-[650px] mt-4 lg:mt-[20px] leading-6 xl:leading-7 description\">\n                    <ul>\n<li>X\u00e1c \u0111\u1ecbnh s\u1ea3n ph\u1ea9m (M\u00e3 HS)<\/li>\n<li>Khai b\u00e1o nh\u1eadp kh\u1ea9u v\u00e0 xu\u1ea5t kh\u1ea9u<\/li>\n<li>D\u1ecbch v\u1ee5 xin gi\u1ea5y ph\u00e9p v\u00e0 c\u1ea5p ph\u00e9p<\/li>\n<li>T\u01b0 v\u1ea5n h\u1ea3i quan<\/li>\n<\/ul>\n<\/div>\n            <\/div>\n        <\/div>\n    <\/div>\n<\/div>\n\n\n\n\n<section id=\"successful\" class=\"section bg-white latest-news overflow-hidden\">\n    <div class=\"container\">\n        <div class=\"container-md py-10 md:py-[60px] lg:py-20\">\n            <div class=\"sm:flex justify-between items-center\">\n                <h2 class=\" text-darkgrey font-medium heading1\"><\/h2>\n                            <\/div>\n            <div class=\"xl:mt-[33px] pt-5 md:pt-[27px] relative\">\n                <div class=\"curtain\"><\/div>\n                <div class=\"swiper news-swiper\">\n                    <div class=\"swiper-wrapper\">\n                                            <\/div>\n                <\/div>\n            <\/div>\n        <\/div>\n<\/section>","protected":false},"excerpt":{"rendered":"","protected":false},"author":3,"featured_media":0,"parent":0,"menu_order":0,"comment_status":"closed","ping_status":"closed","template":"","meta":{"_acf_changed":false,"footnotes":""},"enquiry_type":[],"class_list":["post-1718","page","type-page","status-publish","hentry"],"acf":[],"_links":{"self":[{"href":"https:\/\/jupiterlogistics.group\/vn\/vi\/wp-json\/wp\/v2\/pages\/1718","targetHints":{"allow":["GET"]}}],"collection":[{"href":"https:\/\/jupiterlogistics.group\/vn\/vi\/wp-json\/wp\/v2\/pages"}],"about":[{"href":"https:\/\/jupiterlogistics.group\/vn\/vi\/wp-json\/wp\/v2\/types\/page"}],"author":[{"embeddable":true,"href":"https:\/\/jupiterlogistics.group\/vn\/vi\/wp-json\/wp\/v2\/users\/3"}],"replies":[{"embeddable":true,"href":"https:\/\/jupiterlogistics.group\/vn\/vi\/wp-json\/wp\/v2\/comments?post=1718"}],"version-history":[{"count":1,"href":"https:\/\/jupiterlogistics.group\/vn\/vi\/wp-json\/wp\/v2\/pages\/1718\/revisions"}],"predecessor-version":[{"id":1870,"href":"https:\/\/jupiterlogistics.group\/vn\/vi\/wp-json\/wp\/v2\/pages\/1718\/revisions\/1870"}],"wp:attachment":[{"href":"https:\/\/jupiterlogistics.group\/vn\/vi\/wp-json\/wp\/v2\/media?parent=1718"}],"wp:term":[{"taxonomy":"enquiry_type","embeddable":true,"href":"https:\/\/jupiterlogistics.group\/vn\/vi\/wp-json\/wp\/v2\/enquiry_type?post=1718"}],"curies":[{"name":"wp","href":"https:\/\/api.w.org\/{rel}","templated":true}]}}