{"id":1720,"date":"2024-04-13T03:29:27","date_gmt":"2024-04-13T03:29:27","guid":{"rendered":"https:\/\/jupiterlogistics.group\/vn\/shareholders\/"},"modified":"2025-02-12T04:03:08","modified_gmt":"2025-02-12T04:03:08","slug":"shareholders","status":"publish","type":"page","link":"https:\/\/jupiterlogistics.group\/vn\/vi\/shareholders\/","title":{"rendered":"Shareholders"},"content":{"rendered":"<div class=\"\">\n    <div class=\"relative min-h-52 md:min-h-60 lg:min-h-[322px] flex justify-center items-center \">\n                <img decoding=\"async\" class=\"absolute w-full h-full inset-0 object-cover\" src=\"https:\/\/jupiterlogistics.group\/vn\/wp-content\/uploads\/sites\/14\/2024\/04\/jupiter-shareholders-banner-scaled.jpg\"\n            alt=\"\" \/>\n        \n        <div class=\"container z-10  text-white\">\n            <div class='container-md '>\n                <h1 class=\"heading1 font-bold leading-[1.2] uppercase\"> Worldwide network<\/h1>\n            <\/div>\n        <\/div>\n        <div class=\"absolute inset-0 w-full h-full  bg-banner-gradient \"><\/div>\n    <\/div>\n    <div>\n        <div class=\"h-[28px] w-full bg-primaryblue\"><\/div>\n        <div class=\"h-[6px] w-full bg-green\"><\/div>\n    <\/div>\n<\/div>\n\n\n<div id=\"breadcrumbs\">\n    <div class=\"container\">\n        <div class=\"container-md mt-1 py-5 3xl:py-6 font-medium\">\n            <div class=\"breadcrumb-items\">\n                <a class=\"page-link\" href=\"https:\/\/jupiterlogistics.group\/vn\/vi\/\">Home<\/a>            <\/div>\n        <\/div>\n    <\/div>\n<\/div>\n\n<div class=\"container\">\n  <div class=\"my-10 xl:my-[60px] container-md  flex flex-col justify-center items-center heading3 \">\n          <div class=\"flex items-center\">\n                  <a href=''\n            class='heading3 text-primaryblue py-1.5 xl:py-2.5 border-b-[5px] font-medium opacity-70 border-transparent transition hover:opacity-100 hover:border-green'>\n            Jupiter Group          <\/a>\n\n                      <div class=\"h-7 border border-[#E2E2E2] w-px mb-1.5 xl:mb-[5px] mx-2.5 lg:mx-5 xl:mx-[23px]\"><\/div>\n                            <a href=''\n            class='heading3 text-primaryblue py-1.5 xl:py-2.5 border-b-[5px] font-medium border-green transition hover:opacity-100 hover:border-green'>\n            C\u1ed5 \u0111\u00f4ng          <\/a>\n\n                        <\/div>\n      <\/div>\n<\/div>\n\n\n<div class=\"container\">\n    <div\n        class=\"mb-20 2xl:mb-[100px] mt-10 lg:mt-[60px] container-md flex flex-col justify-center items-center heading3 \">\n        <div class=\"grid grid-cols-1 lg:grid-cols-2 gap-10 w-full\">\n                                    <div class=\"flex flex-col justify-between w-full max-lg:max-w-[660px] mx-auto\">\n                <div>\n                    <div class=\"aspect-[55\/32]\">\n                        <img src='https:\/\/jupiterlogistics.group\/vn\/wp-content\/uploads\/sites\/14\/2024\/04\/Rectangle-34624519-1.png'\n                            alt='' class=\"size-full object-cover\">\n                    <\/div>\n                    <h4 class='text-center md:text-left heading3 text-darkgrey mt-5 md:mt-10 font-medium'>\n                        Japan Airlines<\/h4>\n                    <p class='body-extra-small text-primary heading6 mt-5 leading-normal md:leading-7'>  Japan Airlines l\u00e0 h\u00e3ng h\u00e0ng kh\u00f4ng Nh\u1eadt B\u1ea3n \u0111\u1ea7u ti\u00ean m\u1ea1o hi\u1ec3m ra n\u01b0\u1edbc ngo\u00e0i v\u1edbi ki\u1ebfn th\u1ee9c k\u1ef9 thu\u1eadt v\u00e0 s\u1ef1 kh\u00f4n ngoan c\u00f3 \u0111\u01b0\u1ee3c qua l\u1ecbch s\u1eed phong ph\u00fa, tinh th\u1ea7n kh\u00f4ng khoan nh\u01b0\u1ee3ng v\u00e0 quy\u1ebft t\u00e2m \u0111\u00e1ng kinh ng\u1ea1c \u0111\u1ec3 h\u1ed7 tr\u1ee3 JAL ti\u1ebfp t\u1ee5c \u0111\u00f3n nh\u1eadn nh\u1eefng th\u00e1ch th\u1ee9c m\u1edbi. L\u00e0 m\u1ed9t c\u00f4ng ty con c\u1ee7a JAL, ch\u00fang t\u00f4i t\u1ef1 h\u00e0o l\u00e0 m\u1ed9t ph\u1ea7n c\u1ee7a m\u1ea1ng l\u01b0\u1edbi to\u00e0n c\u1ea7u tr\u1ea3i d\u00e0i kh\u1eafp th\u1ebf gi\u1edbi. V\u1edbi m\u1ea1ng l\u01b0\u1edbi chuy\u1ebfn bay r\u1ed9ng kh\u1eafp cho ph\u00e9p ch\u00fang t\u00f4i cung c\u1ea5p cho kh\u00e1ch h\u00e0ng c\u00e1c d\u1ecbch v\u1ee5 logistics v\u00f4 song, k\u1ebft n\u1ed1i h\u1ecd v\u1edbi c\u00e1c \u0111i\u1ec3m \u0111\u1ebfn tr\u00ean to\u00e0n c\u1ea7u.<\/p>\n                <\/div>\n                <div class=\"flex items-center mt-5 lg:mt-10\">\n                                        <div class=\"flex items-stretch\">\n                                                    <a href=\"https:\/\/www.jal.com\/en\/\" target=\"_blank\" rel=\"nofollow noopener\" class=\"mr-5 lg:mr-7 last:mr-0 flex\">\n                                <div class=\"flex items-center justify-center bg-[#F7F8FA] max-h-[90px] sm:max-h-[100px] py-2.5 px-4 md:p-5 rounded-[10px] relative\">\n                                    <img src='https:\/\/jupiterlogistics.group\/vn\/wp-content\/uploads\/sites\/14\/2024\/04\/jal-1-1.png' alt='' class=\"object-contain size-full\">\n                                <\/div>    \n                            <\/a>\n                                                    <a href=\"https:\/\/www.jal.co.jp\/en\/jalcargo\/\" target=\"_blank\" rel=\"nofollow noopener\" class=\"mr-5 lg:mr-7 last:mr-0 flex\">\n                                <div class=\"flex items-center justify-center bg-[#F7F8FA] max-h-[90px] sm:max-h-[100px] py-2.5 px-4 md:p-5 rounded-[10px] relative\">\n                                    <img src='https:\/\/jupiterlogistics.group\/vn\/wp-content\/uploads\/sites\/14\/2024\/04\/image-64-1.png' alt='' class=\"object-contain size-full\">\n                                <\/div>    \n                            <\/a>\n                                            <\/div>\n                                    <\/div>\n            <\/div>\n                        <div class=\"flex flex-col justify-between w-full max-lg:max-w-[660px] mx-auto\">\n                <div>\n                    <div class=\"aspect-[55\/32]\">\n                        <img src='https:\/\/jupiterlogistics.group\/vn\/wp-content\/uploads\/sites\/14\/2024\/04\/Rectangle-34624520-1.png'\n                            alt='' class=\"size-full object-cover\">\n                    <\/div>\n                    <h4 class='text-center md:text-left heading3 text-darkgrey mt-5 md:mt-10 font-medium'>\n                        Mitsubishi Logistics<\/h4>\n                    <p class='body-extra-small text-primary heading6 mt-5 leading-normal md:leading-7'> Mitsubishi Logistics Corporation \u0111\u00e3 l\u00e0 m\u1ed9t trong nh\u1eefng nh\u00e0 cung c\u1ea5p d\u1ecbch v\u1ee5 logistics h\u00e0ng \u0111\u1ea7u t\u1ea1i Nh\u1eadt B\u1ea3n trong h\u01a1n 120 n\u0103m. Hi\u1ec7n nay, Mitsubishi Logistics bao ph\u1ee7 kh\u1eafp ch\u00e2u \u00c1, ch\u00e2u \u00c2u v\u00e0 ch\u00e2u M\u1ef9 tr\u00ean to\u00e0n th\u1ebf gi\u1edbi. S\u1ef1 li\u00ean k\u1ebft c\u1ee7a ch\u00fang t\u00f4i v\u1edbi MLC Logistics cho ph\u00e9p ch\u00fang t\u00f4i t\u1eadn d\u1ee5ng chuy\u00ean m\u00f4n v\u00e0 ngu\u1ed3n l\u1ef1c c\u1ee7a h\u1ecd \u0111\u1ec3 cung c\u1ea5p cho kh\u00e1ch h\u00e0ng c\u00e1c d\u1ecbch v\u1ee5 logistics nhanh ch\u00f3ng, \u0111\u00e1ng tin c\u1eady v\u00e0 hi\u1ec7u qu\u1ea3, b\u1ea5t k\u1ec3 h\u1ecd \u1edf \u0111\u00e2u.<\/p>\n                <\/div>\n                <div class=\"flex items-center mt-5 lg:mt-10\">\n                                        <div class=\"flex items-stretch\">\n                                                    <a href=\"https:\/\/www.mitsubishi-logistics.co.jp\/english\/\" target=\"_blank\" rel=\"nofollow noopener\" class=\"mr-5 lg:mr-7 last:mr-0 flex\">\n                                <div class=\"flex items-center justify-center bg-[#F7F8FA] max-h-[90px] sm:max-h-[100px] py-2.5 px-4 md:p-5 rounded-[10px] relative\">\n                                    <img src='https:\/\/jupiterlogistics.group\/vn\/wp-content\/uploads\/sites\/14\/2024\/04\/image-65.png' alt='' class=\"object-contain size-full\">\n                                <\/div>    \n                            <\/a>\n                                            <\/div>\n                                    <\/div>\n            <\/div>\n                                <\/div>\n    <\/div>\n<\/div>","protected":false},"excerpt":{"rendered":"","protected":false},"author":3,"featured_media":0,"parent":0,"menu_order":0,"comment_status":"closed","ping_status":"closed","template":"","meta":{"_acf_changed":false,"footnotes":""},"enquiry_type":[],"class_list":["post-1720","page","type-page","status-publish","hentry"],"acf":[],"_links":{"self":[{"href":"https:\/\/jupiterlogistics.group\/vn\/vi\/wp-json\/wp\/v2\/pages\/1720","targetHints":{"allow":["GET"]}}],"collection":[{"href":"https:\/\/jupiterlogistics.group\/vn\/vi\/wp-json\/wp\/v2\/pages"}],"about":[{"href":"https:\/\/jupiterlogistics.group\/vn\/vi\/wp-json\/wp\/v2\/types\/page"}],"author":[{"embeddable":true,"href":"https:\/\/jupiterlogistics.group\/vn\/vi\/wp-json\/wp\/v2\/users\/3"}],"replies":[{"embeddable":true,"href":"https:\/\/jupiterlogistics.group\/vn\/vi\/wp-json\/wp\/v2\/comments?post=1720"}],"version-history":[{"count":2,"href":"https:\/\/jupiterlogistics.group\/vn\/vi\/wp-json\/wp\/v2\/pages\/1720\/revisions"}],"predecessor-version":[{"id":1960,"href":"https:\/\/jupiterlogistics.group\/vn\/vi\/wp-json\/wp\/v2\/pages\/1720\/revisions\/1960"}],"wp:attachment":[{"href":"https:\/\/jupiterlogistics.group\/vn\/vi\/wp-json\/wp\/v2\/media?parent=1720"}],"wp:term":[{"taxonomy":"enquiry_type","embeddable":true,"href":"https:\/\/jupiterlogistics.group\/vn\/vi\/wp-json\/wp\/v2\/enquiry_type?post=1720"}],"curies":[{"name":"wp","href":"https:\/\/api.w.org\/{rel}","templated":true}]}}